{"id":5770,"date":"2019-06-05T13:35:18","date_gmt":"2019-06-05T10:35:18","guid":{"rendered":"http:\/\/www.realestate-plomari.com\/faq\/"},"modified":"2019-06-05T13:35:18","modified_gmt":"2019-06-05T10:35:18","slug":"faq","status":"publish","type":"page","link":"https:\/\/www.realestate-plomari.com\/el\/faq\/","title":{"rendered":"FAQ"},"content":{"rendered":"<div class=\"wpb-content-wrapper\"><p>[vc_row][vc_column width=&#8221;1\/3&#8243;]<div class=\"ult_exp_section_layer ult-adjust-bottom-margin  \" >\n\t<div id=\"uvc-exp-wrap-3274\"   data-ultimate-target='#uvc-exp-wrap-3274'  data-responsive-json-new='{\"font-size\":\"desktop:20px;\",\"line-height\":\"desktop:20px;\"}'  class=\"ult_exp_section  ult-responsive \" style=\"color:#333333;background-color:#dbdbdb; font-weight:normal;  text-align:center;\" data-textcolor=\"#333333\"data-texthover=\"#333333\"data-icncolor=\"#333333\"data-ihover=\"#333333\"data-height=\"0\"data-cntbg=\"#dbdbdb\"data-cnthvrbg=\"#e5e5e5\"data-headerbg=\"#dbdbdb\"data-headerhover=\"#e5e5e5\"data-title=\"GREEK TAX PAPERS\"data-newtitle=\"GREEK TAX PAPERS\"data-icon=\"\"data-newicon=\"\"data-activeicon=\"#333333\"data-effect=\"slideToggle\"data-override=\"0\"data-activetitle=\"#333333\"data-activebg=\"#dbdbdb\"data-img=\"https:\/\/www.realestate-plomari.com\/wp-content\/uploads\/2019\/06\/iconfinder_United-Kingdom_92403.png?v=1723025540\"data-newimg=\"https:\/\/www.realestate-plomari.com\/wp-content\/uploads\/2019\/06\/iconfinder_United-Kingdom_92403.png?v=1723025540\"><div class=\"ult_exp_section-main ult_expleft_icon\">\t<div class=\"ult-just-icon-wrapper ult_exp_icon\">\n\t\t\t\t\t<div class=\"align-icon \">\n\t\t\t\t\t\t\n<br><span class=\"aio-icon-img  ult_expsection_icon \" style=\"font-size:24px;\" >\n\t<img decoding=\"async\" class=\"img-icon ult_exp_img \" alt=\"null\" src=\"https:\/\/www.realestate-plomari.com\/wp-content\/uploads\/2019\/06\/iconfinder_United-Kingdom_92403.png?v=1723025540\" \/>\n<\/span>\n\t\t\t\t\t<\/div>\n\t\t\t\t<\/div>\n\t\t\t\t<div class=\"ult_expheader\" >GREEK TAX PAPERS\n\t\t\t\t<\/div>\n\t\t\t<\/div>\n\t\t<\/div><div class=\"ult_exp_content \" style=\"background-color:#efefef;  \"><div class=\"ult_ecpsub_cont\" style=\" \" >[vc_column_text css_animation=&#8221;fadeIn&#8221;]<\/p>\n<p style=\"text-align: left;\">Everybody who has bought a house in Greece have to send taxation paper every year to the Greek Tax Authoroties.<\/p>\n<p style=\"text-align: left;\">Our dear Doris here in Plomari will help you.<\/p>\n<p style=\"text-align: left;\">Doris has tel\/fax nr: +30 22520 33533<\/p>\n<p style=\"text-align: left;\">You will need:<\/p>\n<p style=\"text-align: left;\">Copy of the 1st page of your bank book<\/p>\n<p style=\"text-align: left;\">Notice of interest in you bankbook as a sealed and signed document from the bank<\/p>\n<p style=\"text-align: left;\">Interest loan certificate if you have a loan in a Greek bank, sealed and signed from the bank.<\/p>\n<p style=\"text-align: left;\">Original transfer exchange deposits, sealed and signed from the bank.<\/p>\n<p style=\"text-align: left;\">If you have sold\/bought property, motorbike, car, boat etc., you have to inform your accountant.<\/p>\n<p style=\"text-align: left;\">If you have a new passport with a different passport number, please infor your accountant and your bank.<\/p>\n<p style=\"text-align: left;\">Copy of one of your electricity bills<\/p>\n<p style=\"text-align: left;\">The tax on your electricity bill has nothing to do with your personal taxes.<\/p>\n<p>[\/vc_column_text]<\/div><\/div>\n\n\t\t\t<\/div>[\/vc_column][vc_column width=&#8221;1\/3&#8243;]<div class=\"ult_exp_section_layer ult-adjust-bottom-margin  \" >\n\t<div id=\"uvc-exp-wrap-4677\"   data-ultimate-target='#uvc-exp-wrap-4677'  data-responsive-json-new='{\"font-size\":\"desktop:20px;\",\"line-height\":\"desktop:20px;\"}'  class=\"ult_exp_section  ult-responsive \" style=\"color:#333333;background-color:#dbdbdb; font-weight:normal;  text-align:center;\" data-textcolor=\"#333333\"data-texthover=\"#333333\"data-icncolor=\"#333333\"data-ihover=\"#333333\"data-height=\"0\"data-cntbg=\"#dbdbdb\"data-cnthvrbg=\"#e5e5e5\"data-headerbg=\"#dbdbdb\"data-headerhover=\"#e5e5e5\"data-title=\"\u03a6\u039f\u03a1\u039f\u039b\u039f\u0393\u0399\u039a\u0391 \u0395\u0393\u0393\u03a1\u0391\u03a6\u0391\"data-newtitle=\"\u03a6\u039f\u03a1\u039f\u039b\u039f\u0393\u0399\u039a\u0391 \u0395\u0393\u0393\u03a1\u0391\u03a6\u0391\"data-icon=\"\"data-newicon=\"\"data-activeicon=\"#333333\"data-effect=\"slideToggle\"data-override=\"0\"data-activetitle=\"#333333\"data-activebg=\"#dbdbdb\"data-img=\"https:\/\/www.realestate-plomari.com\/wp-content\/uploads\/2019\/06\/iconfinder_Greece_92103.png?v=1723025539\"data-newimg=\"https:\/\/www.realestate-plomari.com\/wp-content\/uploads\/2019\/06\/iconfinder_Greece_92103.png?v=1723025539\"><div class=\"ult_exp_section-main ult_expleft_icon\">\t<div class=\"ult-just-icon-wrapper ult_exp_icon\">\n\t\t\t\t\t<div class=\"align-icon \">\n\t\t\t\t\t\t\n<br><span class=\"aio-icon-img  ult_expsection_icon \" style=\"font-size:24px;\" >\n\t<img decoding=\"async\" class=\"img-icon ult_exp_img \" alt=\"null\" src=\"https:\/\/www.realestate-plomari.com\/wp-content\/uploads\/2019\/06\/iconfinder_Greece_92103.png?v=1723025539\" \/>\n<\/span>\n\t\t\t\t\t<\/div>\n\t\t\t\t<\/div>\n\t\t\t\t<div class=\"ult_expheader\" >\u03a6\u039f\u03a1\u039f\u039b\u039f\u0393\u0399\u039a\u0391 \u0395\u0393\u0393\u03a1\u0391\u03a6\u0391\n\t\t\t\t<\/div>\n\t\t\t<\/div>\n\t\t<\/div><div class=\"ult_exp_content \" style=\"background-color:#efefef;  \"><div class=\"ult_ecpsub_cont\" style=\" \" >[vc_column_text css_animation=&#8221;fadeIn&#8221;]<\/p>\n<p style=\"text-align: left;\">\u038c\u03bb\u03bf\u03b9 \u03cc\u03c3\u03bf\u03b9 \u03ad\u03c7\u03bf\u03c5\u03bd \u03b1\u03b3\u03bf\u03c1\u03ac\u03c3\u03b5\u03b9 \u03ad\u03bd\u03b1 \u03c3\u03c0\u03af\u03c4\u03b9 \u03c3\u03c4\u03b7\u03bd \u0395\u03bb\u03bb\u03ac\u03b4\u03b1, \u03c0\u03c1\u03ad\u03c0\u03b5\u03b9 \u03bd\u03b1 \u03c3\u03c4\u03b5\u03af\u03bb\u03bf\u03c5\u03bd \u03ba\u03ac\u03b8\u03b5 \u03c7\u03c1\u03cc\u03bd\u03bf \u03c6\u03bf\u03c1\u03bf\u03bb\u03bf\u03b3\u03b9\u03ba\u03ae \u03b4\u03ae\u03bb\u03c9\u03c3\u03b7 \u03c3\u03c4\u03b9\u03c2 \u03b5\u03bb\u03bb\u03b7\u03bd\u03b9\u03ba\u03ad\u03c2 \u03c6\u03bf\u03c1\u03bf\u03bb\u03bf\u03b3\u03b9\u03ba\u03ad\u03c2 \u03b1\u03c1\u03c7\u03ad\u03c2.<\/p>\n<p style=\"text-align: left;\">\u039f \u039d\u03c4\u03cc\u03c1\u03b9\u03c2 \u03b5\u03b4\u03ce \u03c3\u03c4\u03bf \u03a0\u03bb\u03c9\u03bc\u03ac\u03c1\u03b9 \u03b8\u03b1 \u03c3\u03b1\u03c2 \u03b2\u03bf\u03b7\u03b8\u03ae\u03c3\u03b5\u03b9<\/p>\n<p style=\"text-align: left;\">\u03a4\u03b7\u03bb\u03ad\u03c6\u03c9\u03bd\u03bf\/\u03a6\u03b1\u03be \u03c4\u03bf\u03c5 \u039d\u03c4\u03cc\u03c1\u03b9\u00a0 : +30 22520 33533<\/p>\n<p style=\"text-align: left;\">\u0398\u03b1 \u03c7\u03c1\u03b5\u03b9\u03b1\u03c3\u03c4\u03b5\u03af\u03c4\u03b5:<\/p>\n<p style=\"text-align: left;\">\u0391\u03bd\u03c4\u03af\u03b3\u03c1\u03b1\u03c6\u03bf \u03c4\u03b7\u03c2 1\u03b7\u03c2 \u03c3\u03b5\u03bb\u03af\u03b4\u03b1\u03c2 \u03c4\u03bf\u03c5 \u03c4\u03c1\u03b1\u03c0\u03b5\u03b6\u03b9\u03ba\u03bf\u03cd \u03c3\u03b1\u03c2 \u03b2\u03b9\u03b2\u03bb\u03b9\u03b1\u03c1\u03af\u03bf\u03c5<\/p>\n<p style=\"text-align: left;\">\u0391\u03bd\u03b1\u03ba\u03bf\u03af\u03bd\u03c9\u03c3\u03b7 \u03b5\u03bd\u03b4\u03b9\u03b1\u03c6\u03ad\u03c1\u03bf\u03bd\u03c4\u03bf\u03c2 \u03b3\u03b9\u03b1 \u03c4\u03bf \u03c4\u03c1\u03b1\u03c0\u03b5\u03b6\u03b9\u03ba\u03cc \u03c3\u03b1\u03c2 \u03b2\u03b9\u03b2\u03bb\u03af\u03bf \u03c9\u03c2 \u03c3\u03c6\u03c1\u03b1\u03b3\u03b9\u03c3\u03bc\u03ad\u03bd\u03bf \u03ba\u03b1\u03b9 \u03c5\u03c0\u03bf\u03b3\u03b5\u03b3\u03c1\u03b1\u03bc\u03bc\u03ad\u03bd\u03bf \u03ad\u03b3\u03b3\u03c1\u03b1\u03c6\u03bf \u03b1\u03c0\u03cc \u03c4\u03b7\u03bd \u03c4\u03c1\u03ac\u03c0\u03b5\u03b6\u03b1<\/p>\n<p style=\"text-align: left;\">\u03a0\u03b9\u03c3\u03c4\u03bf\u03c0\u03bf\u03b9\u03b7\u03c4\u03b9\u03ba\u03cc \u03c4\u03cc\u03ba\u03bf\u03c5 \u03b5\u03ac\u03bd \u03ad\u03c7\u03b5\u03c4\u03b5 \u03b4\u03ac\u03bd\u03b5\u03b9\u03bf \u03c3\u03b5 \u03b5\u03bb\u03bb\u03b7\u03bd\u03b9\u03ba\u03ae \u03c4\u03c1\u03ac\u03c0\u03b5\u03b6\u03b1, \u03c3\u03c6\u03c1\u03b1\u03b3\u03b9\u03c3\u03bc\u03ad\u03bd\u03bf \u03ba\u03b1\u03b9 \u03c5\u03c0\u03bf\u03b3\u03b5\u03b3\u03c1\u03b1\u03bc\u03bc\u03ad\u03bd\u03bf \u03b1\u03c0\u03cc \u03c4\u03b7\u03bd \u03c4\u03c1\u03ac\u03c0\u03b5\u03b6\u03b1.<\/p>\n<p style=\"text-align: left;\">\u03a0\u03c1\u03c9\u03c4\u03cc\u03c4\u03c5\u03c0\u03b5\u03c2 \u03bc\u03b5\u03c4\u03b1\u03b2\u03b9\u03b2\u03ac\u03c3\u03b5\u03b9\u03c2 \u03b1\u03bd\u03c4\u03b1\u03bb\u03bb\u03b1\u03b3\u03ae\u03c2, \u03c3\u03c6\u03c1\u03b1\u03b3\u03b9\u03c3\u03bc\u03ad\u03bd\u03b5\u03c2 \u03ba\u03b1\u03b9 \u03c5\u03c0\u03bf\u03b3\u03b5\u03b3\u03c1\u03b1\u03bc\u03bc\u03ad\u03bd\u03b5\u03c2 \u03b1\u03c0\u03cc \u03c4\u03b7\u03bd \u03c4\u03c1\u03ac\u03c0\u03b5\u03b6\u03b1.<\/p>\n<p style=\"text-align: left;\">\u0391\u03bd \u03ad\u03c7\u03b5\u03c4\u03b5 \u03c0\u03bf\u03c5\u03bb\u03ae\u03c3\u03b5\u03b9 \/ \u03b1\u03b3\u03bf\u03c1\u03ac\u03c3\u03b5\u03b9 \u03b1\u03ba\u03af\u03bd\u03b7\u03c4\u03b1, \u03bc\u03bf\u03c4\u03bf\u03c0\u03bf\u03b4\u03ae\u03bb\u03b1\u03c4\u03b1, \u03b1\u03c5\u03c4\u03bf\u03ba\u03af\u03bd\u03b7\u03c4\u03b1, \u03b2\u03ac\u03c1\u03ba\u03b5\u03c2 \u03ba\u03bb\u03c0., \u0398\u03b1 \u03c0\u03c1\u03ad\u03c0\u03b5\u03b9 \u03bd\u03b1 \u03b5\u03bd\u03b7\u03bc\u03b5\u03c1\u03ce\u03c3\u03b5\u03c4\u03b5 \u03c4\u03bf\u03bd \u03bb\u03bf\u03b3\u03b9\u03c3\u03c4\u03ae \u03c3\u03b1\u03c2.<\/p>\n<p style=\"text-align: left;\">\u0391\u03bd \u03ad\u03c7\u03b5\u03c4\u03b5 \u03bd\u03ad\u03bf \u03b4\u03b9\u03b1\u03b2\u03b1\u03c4\u03ae\u03c1\u03b9\u03bf \u03bc\u03b5 \u03b4\u03b9\u03b1\u03c6\u03bf\u03c1\u03b5\u03c4\u03b9\u03ba\u03cc \u03b1\u03c1\u03b9\u03b8\u03bc\u03cc \u03b4\u03b9\u03b1\u03b2\u03b1\u03c4\u03b7\u03c1\u03af\u03bf\u03c5, \u03c0\u03b1\u03c1\u03b1\u03ba\u03b1\u03bb\u03b5\u03af\u03c3\u03b8\u03b5 \u03bd\u03b1 \u03b5\u03bd\u03b7\u03bc\u03b5\u03c1\u03ce\u03c3\u03b5\u03c4\u03b5 \u03c4\u03bf\u03bd \u03bb\u03bf\u03b3\u03b9\u03c3\u03c4\u03ae \u03ba\u03b1\u03b9 \u03c4\u03b7\u03bd \u03c4\u03c1\u03ac\u03c0\u03b5\u03b6\u03ac \u03c3\u03b1\u03c2.<\/p>\n<p style=\"text-align: left;\">\u0391\u03bd\u03c4\u03af\u03b3\u03c1\u03b1\u03c6\u03bf \u03b5\u03bd\u03cc\u03c2 \u03b1\u03c0\u03cc \u03c4\u03bf\u03c5\u03c2 \u03bb\u03bf\u03b3\u03b1\u03c1\u03b9\u03b1\u03c3\u03bc\u03bf\u03cd\u03c2 \u03b7\u03bb\u03b5\u03ba\u03c4\u03c1\u03b9\u03ba\u03bf\u03cd \u03c1\u03b5\u03cd\u03bc\u03b1\u03c4\u03bf\u03c2<\/p>\n<p style=\"text-align: left;\">\u039f \u03c6\u03cc\u03c1\u03bf\u03c2 \u03b5\u03c0\u03af \u03c4\u03bf\u03c5 \u03bb\u03bf\u03b3\u03b1\u03c1\u03b9\u03b1\u03c3\u03bc\u03bf\u03cd \u03c3\u03b1\u03c2 \u03b3\u03b9\u03b1 \u03b7\u03bb\u03b5\u03ba\u03c4\u03c1\u03b9\u03ba\u03cc \u03c1\u03b5\u03cd\u03bc\u03b1 \u03b4\u03b5\u03bd \u03ad\u03c7\u03b5\u03b9 \u03ba\u03b1\u03bc\u03af\u03b1 \u03c3\u03c7\u03ad\u03c3\u03b7 \u03bc\u03b5 \u03c4\u03bf\u03c5\u03c2 \u03c0\u03c1\u03bf\u03c3\u03c9\u03c0\u03b9\u03ba\u03bf\u03cd\u03c2 \u03c3\u03b1\u03c2 \u03c6\u03cc\u03c1\u03bf\u03c5\u03c2.<\/p>\n<p>[\/vc_column_text]<\/div><\/div>\n\n\t\t\t<\/div>[\/vc_column][vc_column width=&#8221;1\/3&#8243;]<div class=\"ult_exp_section_layer ult-adjust-bottom-margin  \" >\n\t<div id=\"uvc-exp-wrap-4273\"   data-ultimate-target='#uvc-exp-wrap-4273'  data-responsive-json-new='{\"font-size\":\"desktop:20px;\",\"line-height\":\"desktop:20px;\"}'  class=\"ult_exp_section  ult-responsive \" style=\"color:#333333;background-color:#dbdbdb; font-weight:normal;  text-align:center;\" data-textcolor=\"#333333\"data-texthover=\"#333333\"data-icncolor=\"#333333\"data-ihover=\"#333333\"data-height=\"0\"data-cntbg=\"#dbdbdb\"data-cnthvrbg=\"#e5e5e5\"data-headerbg=\"#dbdbdb\"data-headerhover=\"#e5e5e5\"data-title=\"GRESK SELVANGIVELSE\"data-newtitle=\"GRESK SELVANGIVELSE\"data-icon=\"\"data-newicon=\"\"data-activeicon=\"#333333\"data-effect=\"slideToggle\"data-override=\"0\"data-activetitle=\"#333333\"data-activebg=\"#dbdbdb\"data-img=\"https:\/\/www.realestate-plomari.com\/wp-content\/uploads\/2019\/06\/iconfinder_Norway_92265.png?v=1723025539\"data-newimg=\"https:\/\/www.realestate-plomari.com\/wp-content\/uploads\/2019\/06\/iconfinder_Norway_92265.png?v=1723025539\"><div class=\"ult_exp_section-main ult_expleft_icon\">\t<div class=\"ult-just-icon-wrapper ult_exp_icon\">\n\t\t\t\t\t<div class=\"align-icon \">\n\t\t\t\t\t\t\n<br><span class=\"aio-icon-img  ult_expsection_icon \" style=\"font-size:24px;\" >\n\t<img decoding=\"async\" class=\"img-icon ult_exp_img \" alt=\"null\" src=\"https:\/\/www.realestate-plomari.com\/wp-content\/uploads\/2019\/06\/iconfinder_Norway_92265.png?v=1723025539\" \/>\n<\/span>\n\t\t\t\t\t<\/div>\n\t\t\t\t<\/div>\n\t\t\t\t<div class=\"ult_expheader\" >GRESK SELVANGIVELSE\n\t\t\t\t<\/div>\n\t\t\t<\/div>\n\t\t<\/div><div class=\"ult_exp_content \" style=\"background-color:#efefef;  \"><div class=\"ult_ecpsub_cont\" style=\" \" >[vc_column_text css_animation=&#8221;fadeIn&#8221;]<\/p>\n<p style=\"text-align: left;\">Alle som har kj\u00f8pt hus i Hellas, m\u00e5 levere gresk selvangivelse hvert \u00e5r til den greske skatteetaten.<\/p>\n<p style=\"text-align: left;\">V\u00e5r kj\u00e6re Doris her i Plomari hjelper dere s\u00e5 gjerne.<\/p>\n<p style=\"text-align: left;\">Doris har telefon\/fax nr: +30 22520 33533<\/p>\n<p style=\"text-align: left;\"><b>Du trenger:<\/b><\/p>\n<p style=\"text-align: left;\">Kopi av 1. siden i den greske bankboka (der hvor kontonr. etc. st\u00e5r)<\/p>\n<p style=\"text-align: left;\">Et stemplet og underskrevet papir fra banken som sier hvor mye renter du har f\u00e5tt i \u00e5r.<\/p>\n<p style=\"text-align: left;\">Hvis du har l\u00e5n i gresk bank, m\u00e5 du ha en utskrift fra banken p\u00e5 renter p\u00e5 l\u00e5net.<br \/>\nStemplet og underskrevet dokument p\u00e5 at du har overf\u00f8rt penger til gresk bank.<\/p>\n<p style=\"text-align: left;\">Hvis du har solgt eller kj\u00f8pt eiendom, motorsykkel, bil, b\u00e5t etc, m\u00e5 regnskapsf\u00f8rer informeres.<\/p>\n<p style=\"text-align: left;\">Hvis du har f\u00e5tt nytt pass, m\u00e5 dette registreres hos regnskapsf\u00f8rer og i banken.<\/p>\n<p style=\"text-align: left;\">Kopi av en el-regning<\/p>\n<p style=\"text-align: left;\">Skatten p\u00e5 el-regningen har ingen ting \u00e5 gj\u00f8re med den \u00e5rlige personskatten.<\/p>\n<p>[\/vc_column_text]<\/div><\/div>\n\n\t\t\t<\/div>[\/vc_column][\/vc_row]<\/p>\n<\/div>","protected":false},"excerpt":{"rendered":"<p>[vc_row][vc_column width=&#8221;1\/3&#8243;][\/vc_column][vc_column width=&#8221;1\/3&#8243;][\/vc_column][vc_column width=&#8221;1\/3&#8243;][\/vc_column][\/vc_row]<\/p>\n","protected":false},"author":1,"featured_media":0,"parent":0,"menu_order":0,"comment_status":"closed","ping_status":"closed","template":"","meta":{"footnotes":""},"class_list":["post-5770","page","type-page","status-publish","hentry"],"yoast_head":"<!-- This site is optimized with the Yoast SEO plugin v25.7 - https:\/\/yoast.com\/wordpress\/plugins\/seo\/ -->\n<title>FAQ | Real estate Plomari<\/title>\n<meta name=\"robots\" content=\"index, follow, max-snippet:-1, max-image-preview:large, max-video-preview:-1\" \/>\n<link rel=\"canonical\" href=\"https:\/\/www.realestate-plomari.com\/el\/faq\/\" \/>\n<meta property=\"og:locale\" content=\"el_GR\" \/>\n<meta property=\"og:type\" content=\"article\" \/>\n<meta property=\"og:title\" content=\"FAQ | Real estate Plomari\" \/>\n<meta property=\"og:description\" content=\"[vc_row][vc_column width=&#8221;1\/3&#8243;][\/vc_column][vc_column width=&#8221;1\/3&#8243;][\/vc_column][vc_column width=&#8221;1\/3&#8243;][\/vc_column][\/vc_row]\" \/>\n<meta property=\"og:url\" content=\"https:\/\/www.realestate-plomari.com\/el\/faq\/\" \/>\n<meta property=\"og:site_name\" content=\"Real estate Plomari\" \/>\n<meta name=\"twitter:card\" content=\"summary_large_image\" \/>\n<meta name=\"twitter:label1\" content=\"\u0395\u03ba\u03c4\u03b9\u03bc\u03ce\u03bc\u03b5\u03bd\u03bf\u03c2 \u03c7\u03c1\u03cc\u03bd\u03bf\u03c2 \u03b1\u03bd\u03ac\u03b3\u03bd\u03c9\u03c3\u03b7\u03c2\" \/>\n\t<meta name=\"twitter:data1\" content=\"3 \u03bb\u03b5\u03c0\u03c4\u03ac\" \/>\n<script type=\"application\/ld+json\" class=\"yoast-schema-graph\">{\"@context\":\"https:\/\/schema.org\",\"@graph\":[{\"@type\":\"WebPage\",\"@id\":\"https:\/\/www.realestate-plomari.com\/el\/faq\/\",\"url\":\"https:\/\/www.realestate-plomari.com\/el\/faq\/\",\"name\":\"FAQ | Real estate Plomari\",\"isPartOf\":{\"@id\":\"https:\/\/www.realestate-plomari.com\/#website\"},\"datePublished\":\"2019-06-05T10:35:18+00:00\",\"breadcrumb\":{\"@id\":\"https:\/\/www.realestate-plomari.com\/el\/faq\/#breadcrumb\"},\"inLanguage\":\"el\",\"potentialAction\":[{\"@type\":\"ReadAction\",\"target\":[\"https:\/\/www.realestate-plomari.com\/el\/faq\/\"]}]},{\"@type\":\"BreadcrumbList\",\"@id\":\"https:\/\/www.realestate-plomari.com\/el\/faq\/#breadcrumb\",\"itemListElement\":[{\"@type\":\"ListItem\",\"position\":1,\"name\":\"Home\",\"item\":\"https:\/\/www.realestate-plomari.com\/el\/\"},{\"@type\":\"ListItem\",\"position\":2,\"name\":\"FAQ\"}]},{\"@type\":\"WebSite\",\"@id\":\"https:\/\/www.realestate-plomari.com\/#website\",\"url\":\"https:\/\/www.realestate-plomari.com\/\",\"name\":\"Real estate Plomari\",\"description\":\"Properties in lesvos\",\"publisher\":{\"@id\":\"https:\/\/www.realestate-plomari.com\/#organization\"},\"potentialAction\":[{\"@type\":\"SearchAction\",\"target\":{\"@type\":\"EntryPoint\",\"urlTemplate\":\"https:\/\/www.realestate-plomari.com\/?s={search_term_string}\"},\"query-input\":{\"@type\":\"PropertyValueSpecification\",\"valueRequired\":true,\"valueName\":\"search_term_string\"}}],\"inLanguage\":\"el\"},{\"@type\":\"Organization\",\"@id\":\"https:\/\/www.realestate-plomari.com\/#organization\",\"name\":\"Real estate Plomari\",\"url\":\"https:\/\/www.realestate-plomari.com\/\",\"logo\":{\"@type\":\"ImageObject\",\"inLanguage\":\"el\",\"@id\":\"https:\/\/www.realestate-plomari.com\/#\/schema\/logo\/image\/\",\"url\":\"https:\/\/www.realestate-plomari.com\/wp-content\/uploads\/2019\/04\/LOGO-400X100.png\",\"contentUrl\":\"https:\/\/www.realestate-plomari.com\/wp-content\/uploads\/2019\/04\/LOGO-400X100.png\",\"width\":400,\"height\":120,\"caption\":\"Real estate Plomari\"},\"image\":{\"@id\":\"https:\/\/www.realestate-plomari.com\/#\/schema\/logo\/image\/\"}}]}<\/script>\n<!-- \/ Yoast SEO plugin. -->","yoast_head_json":{"title":"FAQ | Real estate Plomari","robots":{"index":"index","follow":"follow","max-snippet":"max-snippet:-1","max-image-preview":"max-image-preview:large","max-video-preview":"max-video-preview:-1"},"canonical":"https:\/\/www.realestate-plomari.com\/el\/faq\/","og_locale":"el_GR","og_type":"article","og_title":"FAQ | Real estate Plomari","og_description":"[vc_row][vc_column width=&#8221;1\/3&#8243;][\/vc_column][vc_column width=&#8221;1\/3&#8243;][\/vc_column][vc_column width=&#8221;1\/3&#8243;][\/vc_column][\/vc_row]","og_url":"https:\/\/www.realestate-plomari.com\/el\/faq\/","og_site_name":"Real estate Plomari","twitter_card":"summary_large_image","twitter_misc":{"\u0395\u03ba\u03c4\u03b9\u03bc\u03ce\u03bc\u03b5\u03bd\u03bf\u03c2 \u03c7\u03c1\u03cc\u03bd\u03bf\u03c2 \u03b1\u03bd\u03ac\u03b3\u03bd\u03c9\u03c3\u03b7\u03c2":"3 \u03bb\u03b5\u03c0\u03c4\u03ac"},"schema":{"@context":"https:\/\/schema.org","@graph":[{"@type":"WebPage","@id":"https:\/\/www.realestate-plomari.com\/el\/faq\/","url":"https:\/\/www.realestate-plomari.com\/el\/faq\/","name":"FAQ | Real estate Plomari","isPartOf":{"@id":"https:\/\/www.realestate-plomari.com\/#website"},"datePublished":"2019-06-05T10:35:18+00:00","breadcrumb":{"@id":"https:\/\/www.realestate-plomari.com\/el\/faq\/#breadcrumb"},"inLanguage":"el","potentialAction":[{"@type":"ReadAction","target":["https:\/\/www.realestate-plomari.com\/el\/faq\/"]}]},{"@type":"BreadcrumbList","@id":"https:\/\/www.realestate-plomari.com\/el\/faq\/#breadcrumb","itemListElement":[{"@type":"ListItem","position":1,"name":"Home","item":"https:\/\/www.realestate-plomari.com\/el\/"},{"@type":"ListItem","position":2,"name":"FAQ"}]},{"@type":"WebSite","@id":"https:\/\/www.realestate-plomari.com\/#website","url":"https:\/\/www.realestate-plomari.com\/","name":"Real estate Plomari","description":"Properties in lesvos","publisher":{"@id":"https:\/\/www.realestate-plomari.com\/#organization"},"potentialAction":[{"@type":"SearchAction","target":{"@type":"EntryPoint","urlTemplate":"https:\/\/www.realestate-plomari.com\/?s={search_term_string}"},"query-input":{"@type":"PropertyValueSpecification","valueRequired":true,"valueName":"search_term_string"}}],"inLanguage":"el"},{"@type":"Organization","@id":"https:\/\/www.realestate-plomari.com\/#organization","name":"Real estate Plomari","url":"https:\/\/www.realestate-plomari.com\/","logo":{"@type":"ImageObject","inLanguage":"el","@id":"https:\/\/www.realestate-plomari.com\/#\/schema\/logo\/image\/","url":"https:\/\/www.realestate-plomari.com\/wp-content\/uploads\/2019\/04\/LOGO-400X100.png","contentUrl":"https:\/\/www.realestate-plomari.com\/wp-content\/uploads\/2019\/04\/LOGO-400X100.png","width":400,"height":120,"caption":"Real estate Plomari"},"image":{"@id":"https:\/\/www.realestate-plomari.com\/#\/schema\/logo\/image\/"}}]}},"_links":{"self":[{"href":"https:\/\/www.realestate-plomari.com\/el\/wp-json\/wp\/v2\/pages\/5770","targetHints":{"allow":["GET"]}}],"collection":[{"href":"https:\/\/www.realestate-plomari.com\/el\/wp-json\/wp\/v2\/pages"}],"about":[{"href":"https:\/\/www.realestate-plomari.com\/el\/wp-json\/wp\/v2\/types\/page"}],"author":[{"embeddable":true,"href":"https:\/\/www.realestate-plomari.com\/el\/wp-json\/wp\/v2\/users\/1"}],"replies":[{"embeddable":true,"href":"https:\/\/www.realestate-plomari.com\/el\/wp-json\/wp\/v2\/comments?post=5770"}],"version-history":[{"count":0,"href":"https:\/\/www.realestate-plomari.com\/el\/wp-json\/wp\/v2\/pages\/5770\/revisions"}],"wp:attachment":[{"href":"https:\/\/www.realestate-plomari.com\/el\/wp-json\/wp\/v2\/media?parent=5770"}],"curies":[{"name":"wp","href":"https:\/\/api.w.org\/{rel}","templated":true}]}}